{"id":23876,"date":"2025-10-23T17:28:07","date_gmt":"2025-10-23T15:28:07","guid":{"rendered":"https:\/\/www.masdesjasses.com\/?post_type=product&#038;p=23876"},"modified":"2025-12-18T18:26:50","modified_gmt":"2025-12-18T17:26:50","slug":"carte-cadeau-adulte","status":"publish","type":"product","link":"https:\/\/www.masdesjasses.com\/en\/produit\/carte-cadeau-adulte\/","title":{"rendered":"Carte Cadeau Duo Adultes"},"content":{"rendered":"<p>Chaque carte cadeau permet de profiter d\u2019une Visite de la Manade + Repas ou Soir\u00e9e Spectacle + Repas pour 2 personnes (boissons en suppl\u00e9ment).<\/p>\n<p>Disponible \u00e0 l\u2019achat toute l\u2019ann\u00e9e,\u00a0<strong>utilisable uniquement pour Juillet et Ao\u00fbt 2026.<\/strong><br \/>\nDate et horaires \u00e0 convenir lors de la r\u00e9servation.<\/p>\n","protected":false},"excerpt":{"rendered":"<p>Chaque carte cadeau permet de profiter d\u2019une Visite de la Manade + Repas ou Soir\u00e9e Spectacle + Repas pour 2 personnes (boissons en suppl\u00e9ment). Disponible \u00e0 l\u2019achat toute l\u2019ann\u00e9e,\u00a0utilisable uniquement pour Juillet et Ao\u00fbt 2026. Date et horaires \u00e0 convenir lors de la r\u00e9servation.<\/p>\n","protected":false},"featured_media":21736,"template":"","meta":{"_seopress_robots_primary_cat":"none","_seopress_titles_title":"","_seopress_titles_desc":"","_seopress_robots_index":""},"product_brand":[],"product_cat":[46],"product_tag":[],"class_list":{"0":"post-23876","1":"product","2":"type-product","3":"status-publish","4":"has-post-thumbnail","6":"product_cat-visites-et-activites","8":"first","9":"instock","10":"downloadable","11":"virtual","12":"purchasable","13":"product-type-simple"},"_links":{"self":[{"href":"https:\/\/www.masdesjasses.com\/en\/wp-json\/wp\/v2\/product\/23876","targetHints":{"allow":["GET"]}}],"collection":[{"href":"https:\/\/www.masdesjasses.com\/en\/wp-json\/wp\/v2\/product"}],"about":[{"href":"https:\/\/www.masdesjasses.com\/en\/wp-json\/wp\/v2\/types\/product"}],"version-history":[{"count":3,"href":"https:\/\/www.masdesjasses.com\/en\/wp-json\/wp\/v2\/product\/23876\/revisions"}],"predecessor-version":[{"id":23975,"href":"https:\/\/www.masdesjasses.com\/en\/wp-json\/wp\/v2\/product\/23876\/revisions\/23975"}],"wp:featuredmedia":[{"embeddable":true,"href":"https:\/\/www.masdesjasses.com\/en\/wp-json\/wp\/v2\/media\/21736"}],"wp:attachment":[{"href":"https:\/\/www.masdesjasses.com\/en\/wp-json\/wp\/v2\/media?parent=23876"}],"wp:term":[{"taxonomy":"product_brand","embeddable":true,"href":"https:\/\/www.masdesjasses.com\/en\/wp-json\/wp\/v2\/product_brand?post=23876"},{"taxonomy":"product_cat","embeddable":true,"href":"https:\/\/www.masdesjasses.com\/en\/wp-json\/wp\/v2\/product_cat?post=23876"},{"taxonomy":"product_tag","embeddable":true,"href":"https:\/\/www.masdesjasses.com\/en\/wp-json\/wp\/v2\/product_tag?post=23876"}],"curies":[{"name":"wp","href":"https:\/\/api.w.org\/{rel}","templated":true}]}}