{"id":23755,"date":"2025-10-21T17:20:51","date_gmt":"2025-10-21T15:20:51","guid":{"rendered":"https:\/\/www.masdesjasses.com\/?post_type=product&#038;p=23755"},"modified":"2025-10-21T17:23:10","modified_gmt":"2025-10-21T15:23:10","slug":"un-dimanche-en-camargue-adulte","status":"publish","type":"product","link":"https:\/\/www.masdesjasses.com\/en\/produit\/un-dimanche-en-camargue-adulte\/","title":{"rendered":"Un Dimanche en Camargue &#8211; Adulte"},"content":{"rendered":"<p>Profitez de venir passer un Dimanche en Famille ou entre amis \u00e0 la Manade Fernay \u00e0 Arles et d\u00e9guster du Taureau de notre Elevage.<br \/>\n<img decoding=\"async\" class=\"an1 CToWUd\" draggable=\"false\" src=\"https:\/\/fonts.gstatic.com\/s\/e\/notoemoji\/16.0\/1f434\/72.png\" alt=\"\" width=\"23\" height=\"23\" data-emoji=\"\" aria-label=\"\" data-bit=\"iit\" \/> 11 h Visite de la Manade en Charrette<br \/>\n<img decoding=\"async\" class=\"an1 CToWUd\" draggable=\"false\" src=\"https:\/\/fonts.gstatic.com\/s\/e\/notoemoji\/16.0\/1f379\/72.png\" alt=\"\" width=\"28\" height=\"28\" data-emoji=\"\" aria-label=\"\" data-bit=\"iit\" \/>12h Ap\u00e9ritif et ambiance (Tapas offerte)<br \/>\n<img decoding=\"async\" class=\"an1 CToWUd\" draggable=\"false\" src=\"https:\/\/fonts.gstatic.com\/s\/e\/notoemoji\/16.0\/1f525\/72.png\" alt=\"\" width=\"20\" height=\"20\" data-emoji=\"\" aria-label=\"\" data-bit=\"iit\" \/> 13h C\u00f4te de Taureau au Brasero &#8211; Accompagnements, Dessert (Boissons en Sup).<br \/>\nMenu enfant et surprises.<\/p>\n<p>En cas de mauvais temps la journ\u00e9e sera report\u00e9e.<\/p>\n","protected":false},"excerpt":{"rendered":"<p>Profitez de venir passer un Dimanche en Famille ou entre amis \u00e0 la Manade Fernay \u00e0 Arles et d\u00e9guster du Taureau de notre Elevage. 11 h Visite de la Manade en Charrette 12h Ap\u00e9ritif et ambiance (Tapas offerte) 13h C\u00f4te de Taureau au Brasero &#8211; Accompagnements, Dessert (Boissons en Sup). Menu enfant et surprises. En [&hellip;]<\/p>\n","protected":false},"featured_media":23758,"template":"","meta":{"_seopress_robots_primary_cat":"none","_seopress_titles_title":"","_seopress_titles_desc":"","_seopress_robots_index":""},"product_brand":[],"product_cat":[46],"product_tag":[],"class_list":{"0":"post-23755","1":"product","2":"type-product","3":"status-publish","4":"has-post-thumbnail","6":"product_cat-visites-et-activites","8":"first","9":"instock","10":"virtual","11":"purchasable","12":"product-type-stec_bookable"},"_links":{"self":[{"href":"https:\/\/www.masdesjasses.com\/en\/wp-json\/wp\/v2\/product\/23755","targetHints":{"allow":["GET"]}}],"collection":[{"href":"https:\/\/www.masdesjasses.com\/en\/wp-json\/wp\/v2\/product"}],"about":[{"href":"https:\/\/www.masdesjasses.com\/en\/wp-json\/wp\/v2\/types\/product"}],"version-history":[{"count":2,"href":"https:\/\/www.masdesjasses.com\/en\/wp-json\/wp\/v2\/product\/23755\/revisions"}],"predecessor-version":[{"id":23763,"href":"https:\/\/www.masdesjasses.com\/en\/wp-json\/wp\/v2\/product\/23755\/revisions\/23763"}],"wp:featuredmedia":[{"embeddable":true,"href":"https:\/\/www.masdesjasses.com\/en\/wp-json\/wp\/v2\/media\/23758"}],"wp:attachment":[{"href":"https:\/\/www.masdesjasses.com\/en\/wp-json\/wp\/v2\/media?parent=23755"}],"wp:term":[{"taxonomy":"product_brand","embeddable":true,"href":"https:\/\/www.masdesjasses.com\/en\/wp-json\/wp\/v2\/product_brand?post=23755"},{"taxonomy":"product_cat","embeddable":true,"href":"https:\/\/www.masdesjasses.com\/en\/wp-json\/wp\/v2\/product_cat?post=23755"},{"taxonomy":"product_tag","embeddable":true,"href":"https:\/\/www.masdesjasses.com\/en\/wp-json\/wp\/v2\/product_tag?post=23755"}],"curies":[{"name":"wp","href":"https:\/\/api.w.org\/{rel}","templated":true}]}}